{"id":221,"date":"2025-04-10T15:36:41","date_gmt":"2025-04-10T15:36:41","guid":{"rendered":"https:\/\/willdich.ba\/?page_id=221"},"modified":"2025-12-25T17:31:47","modified_gmt":"2025-12-25T17:31:47","slug":"willdich","status":"publish","type":"page","link":"https:\/\/willdich.ba\/en\/willdich\/","title":{"rendered":"B2B PLATFORM"},"content":{"rendered":"<div data-elementor-type=\"wp-page\" data-elementor-id=\"221\" class=\"elementor elementor-221\" data-elementor-post-type=\"page\">\n\t\t\t\t<div class=\"elementor-element elementor-element-d09167d e-con-full e-flex e-con e-parent\" data-id=\"d09167d\" data-element_type=\"container\" id=\"B2B PLATFORMA\" data-settings=\"{&quot;background_background&quot;:&quot;classic&quot;}\">\n\t\t<div class=\"elementor-element elementor-element-ee1eb9f e-con-full e-flex e-con e-child\" data-id=\"ee1eb9f\" data-element_type=\"container\">\n\t\t<div class=\"elementor-element elementor-element-e676efb e-con-full e-flex e-con e-child\" data-id=\"e676efb\" data-element_type=\"container\">\n\t\t<div class=\"elementor-element elementor-element-3da606e e-con-full e-flex e-con e-child\" data-id=\"3da606e\" data-element_type=\"container\">\n\t\t\t\t<div class=\"elementor-element elementor-element-3393553 elementor-widget__width-initial elementor-widget elementor-widget-heading\" data-id=\"3393553\" data-element_type=\"widget\" data-widget_type=\"heading.default\">\n\t\t\t\t<div class=\"elementor-widget-container\">\n\t\t\t\t\t<h2 class=\"elementor-heading-title elementor-size-default\">B2B PLATFORM<\/h2>\t\t\t\t<\/div>\n\t\t\t\t<\/div>\n\t\t\t\t<div class=\"elementor-element elementor-element-7d6f184 elementor-widget__width-initial elementor-widget-divider--view-line elementor-widget elementor-widget-divider\" data-id=\"7d6f184\" data-element_type=\"widget\" data-widget_type=\"divider.default\">\n\t\t\t\t<div class=\"elementor-widget-container\">\n\t\t\t\t\t\t\t<div class=\"elementor-divider\">\n\t\t\t<span class=\"elementor-divider-separator\">\n\t\t\t\t\t\t<\/span>\n\t\t<\/div>\n\t\t\t\t\t\t<\/div>\n\t\t\t\t<\/div>\n\t\t\t\t<\/div>\n\t\t<div class=\"elementor-element elementor-element-5e3e04a e-con-full e-flex e-con e-child\" data-id=\"5e3e04a\" data-element_type=\"container\">\n\t\t\t\t<div class=\"elementor-element elementor-element-17b3df9 elementor-widget__width-initial elementor-widget elementor-widget-heading\" data-id=\"17b3df9\" data-element_type=\"widget\" data-widget_type=\"heading.default\">\n\t\t\t\t<div class=\"elementor-widget-container\">\n\t\t\t\t\t<h2 class=\"elementor-heading-title elementor-size-default\">Opening Doors to Global Opportunities<\/h2>\t\t\t\t<\/div>\n\t\t\t\t<\/div>\n\t\t\t\t<\/div>\n\t\t\t\t<\/div>\n\t\t<div class=\"elementor-element elementor-element-0b5644f e-con-full e-flex e-con e-child\" data-id=\"0b5644f\" data-element_type=\"container\">\n\t\t\t\t<\/div>\n\t\t\t\t<\/div>\n\t\t\t\t<\/div>\n\t\t<div class=\"elementor-element elementor-element-9bdfcaa e-con-full e-flex e-con e-parent\" data-id=\"9bdfcaa\" data-element_type=\"container\" data-settings=\"{&quot;background_background&quot;:&quot;classic&quot;}\">\n\t\t<div class=\"elementor-element elementor-element-0fe49df e-con-full e-flex e-con e-child\" data-id=\"0fe49df\" data-element_type=\"container\">\n\t\t<div class=\"elementor-element elementor-element-f9ebeb1 e-con-full e-flex e-con e-child\" data-id=\"f9ebeb1\" data-element_type=\"container\">\n\t\t<div class=\"elementor-element elementor-element-cb10adc e-con-full e-flex e-con e-child\" data-id=\"cb10adc\" data-element_type=\"container\">\n\t\t\t\t<div class=\"elementor-element elementor-element-f817f15 elementor-widget elementor-widget-heading\" data-id=\"f817f15\" data-element_type=\"widget\" data-widget_type=\"heading.default\">\n\t\t\t\t<div class=\"elementor-widget-container\">\n\t\t\t\t\t<h2 class=\"elementor-heading-title elementor-size-default\">We connect the right domestic and international companies through our B2B platform.<\/h2>\t\t\t\t<\/div>\n\t\t\t\t<\/div>\n\t\t\t\t<\/div>\n\t\t\t\t<\/div>\n\t\t\t\t<\/div>\n\t\t\t\t<\/div>\n\t\t<div class=\"elementor-element elementor-element-e08da4f e-con-full e-flex e-con e-parent\" data-id=\"e08da4f\" data-element_type=\"container\">\n\t\t<div class=\"elementor-element elementor-element-a1e5383 e-con-full e-flex e-con e-child\" data-id=\"a1e5383\" data-element_type=\"container\">\n\t\t<div class=\"elementor-element elementor-element-21b7c52 e-con-full e-flex e-con e-child\" data-id=\"21b7c52\" data-element_type=\"container\">\n\t\t\t\t<div class=\"elementor-element elementor-element-0c16314 elementor-widget elementor-widget-heading\" data-id=\"0c16314\" data-element_type=\"widget\" data-widget_type=\"heading.default\">\n\t\t\t\t<div class=\"elementor-widget-container\">\n\t\t\t\t\t<h2 class=\"elementor-heading-title elementor-size-default\">B2B Form<\/h2>\t\t\t\t<\/div>\n\t\t\t\t<\/div>\n\t\t\t\t<div class=\"elementor-element elementor-element-e7dd0c3 elementor-widget elementor-widget-text-editor\" data-id=\"e7dd0c3\" data-element_type=\"widget\" data-widget_type=\"text-editor.default\">\n\t\t\t\t<div class=\"elementor-widget-container\">\n\t\t\t\t\t\t\t\t\t<p>Popunite i po\u0161aljite nam ovaj formular kako bi u\u010destvovali na B2B susretima. U\u010de\u0161\u0107e na sve na\u0161e B2B susrete je BESPLATNO.<\/p>\t\t\t\t\t\t\t\t<\/div>\n\t\t\t\t<\/div>\n\t\t\t\t<\/div>\n\t\t\t\t<div class=\"elementor-element elementor-element-14dc080 elementor-widget-divider--view-line elementor-widget elementor-widget-divider\" data-id=\"14dc080\" data-element_type=\"widget\" data-widget_type=\"divider.default\">\n\t\t\t\t<div class=\"elementor-widget-container\">\n\t\t\t\t\t\t\t<div class=\"elementor-divider\">\n\t\t\t<span class=\"elementor-divider-separator\">\n\t\t\t\t\t\t<\/span>\n\t\t<\/div>\n\t\t\t\t\t\t<\/div>\n\t\t\t\t<\/div>\n\t\t<div class=\"elementor-element elementor-element-d5e27f6 e-con-full e-flex e-con e-child\" data-id=\"d5e27f6\" data-element_type=\"container\">\n\t\t\t\t<div class=\"elementor-element elementor-element-49399a8 elementor-button-align-start elementor-widget__width-inherit elementor-widget elementor-widget-form\" data-id=\"49399a8\" data-element_type=\"widget\" data-settings=\"{&quot;button_width&quot;:&quot;25&quot;,&quot;step_type&quot;:&quot;none&quot;,&quot;step_icon_shape&quot;:&quot;none&quot;,&quot;_animation&quot;:&quot;none&quot;,&quot;button_width_tablet&quot;:&quot;30&quot;}\" data-widget_type=\"form.default\">\n\t\t\t\t<div class=\"elementor-widget-container\">\n\t\t\t\t\t\t\t<form class=\"elementor-form\" method=\"post\" name=\"kontakt forma\" action=\"\">\n\t\t\t<input type=\"hidden\" name=\"post_id\" value=\"221\"\/>\n\t\t\t<input type=\"hidden\" name=\"form_id\" value=\"49399a8\"\/>\n\t\t\t<input type=\"hidden\" name=\"referer_title\" value=\"B2B PLATFORMA\" \/>\n\n\t\t\t\t\t\t\t<input type=\"hidden\" name=\"queried_id\" value=\"221\"\/>\n\t\t\t\n\t\t\t<div class=\"elementor-form-fields-wrapper elementor-labels-above\">\n\t\t\t\t\t\t\t\t<div class=\"elementor-field-type-select elementor-field-group elementor-column elementor-field-group-b2b_organizacija elementor-col-100\">\n\t\t\t\t\t\t\t\t\t\t\t\t<label for=\"form-field-b2b_organizacija\" class=\"elementor-field-label\">\n\t\t\t\t\t\t\t\tIzaberite B2B susrete na koje \u017eelite da u\u010destvujete\t\t\t\t\t\t\t<\/label>\n\t\t\t\t\t\t\t\t<div class=\"elementor-field elementor-select-wrapper remove-before\">\n\t\t\t<div class=\"select-caret-down-wrapper\">\n\t\t\t\t<svg aria-hidden=\"true\" class=\"e-font-icon-svg e-eicon-caret-down\" viewbox=\"0 0 571.4 571.4\" xmlns=\"http:\/\/www.w3.org\/2000\/svg\"><path d=\"M571 393Q571 407 561 418L311 668Q300 679 286 679T261 668L11 418Q0 407 0 393T11 368 36 357H536Q550 357 561 368T571 393Z\"><\/path><\/svg>\t\t\t<\/div>\n\t\t\t<select name=\"form_fields[b2b_organizacija]\" id=\"form-field-b2b_organizacija\" class=\"elementor-field-textual elementor-size-lg\">\n\t\t\t\t\t\t\t\t\t<option value=\"WIN EURASIA 2026: Sajam tehnologija automatizacije i ma\u0161ina \/ Istanbul\">WIN EURASIA 2026: Sajam tehnologija automatizacije i ma\u0161ina \/ Istanbul<\/option>\n\t\t\t\t\t\t\t<\/select>\n\t\t<\/div>\n\t\t\t\t\t\t<\/div>\n\t\t\t\t\t\t\t\t<div class=\"elementor-field-type-text elementor-field-group elementor-column elementor-field-group-ime elementor-col-50 elementor-field-required\">\n\t\t\t\t\t\t\t\t\t\t\t\t<label for=\"form-field-ime\" class=\"elementor-field-label\">\n\t\t\t\t\t\t\t\tFirst Name\t\t\t\t\t\t\t<\/label>\n\t\t\t\t\t\t\t\t\t\t\t\t\t\t<input size=\"1\" type=\"text\" name=\"form_fields[ime]\" id=\"form-field-ime\" class=\"elementor-field elementor-size-lg  elementor-field-textual\" required=\"required\">\n\t\t\t\t\t\t\t\t\t\t\t<\/div>\n\t\t\t\t\t\t\t\t<div class=\"elementor-field-type-text elementor-field-group elementor-column elementor-field-group-prezime elementor-col-50 elementor-field-required\">\n\t\t\t\t\t\t\t\t\t\t\t\t<label for=\"form-field-prezime\" class=\"elementor-field-label\">\n\t\t\t\t\t\t\t\tLast Name\t\t\t\t\t\t\t<\/label>\n\t\t\t\t\t\t\t\t\t\t\t\t\t\t<input size=\"1\" type=\"text\" name=\"form_fields[prezime]\" id=\"form-field-prezime\" class=\"elementor-field elementor-size-lg  elementor-field-textual\" required=\"required\">\n\t\t\t\t\t\t\t\t\t\t\t<\/div>\n\t\t\t\t\t\t\t\t<div class=\"elementor-field-type-text elementor-field-group elementor-column elementor-field-group-firma elementor-col-50 elementor-field-required\">\n\t\t\t\t\t\t\t\t\t\t\t\t<label for=\"form-field-firma\" class=\"elementor-field-label\">\n\t\t\t\t\t\t\t\tCompany\t\t\t\t\t\t\t<\/label>\n\t\t\t\t\t\t\t\t\t\t\t\t\t\t<input size=\"1\" type=\"text\" name=\"form_fields[firma]\" id=\"form-field-firma\" class=\"elementor-field elementor-size-lg  elementor-field-textual\" required=\"required\">\n\t\t\t\t\t\t\t\t\t\t\t<\/div>\n\t\t\t\t\t\t\t\t<div class=\"elementor-field-type-text elementor-field-group elementor-column elementor-field-group-pozicija elementor-col-50 elementor-field-required\">\n\t\t\t\t\t\t\t\t\t\t\t\t<label for=\"form-field-pozicija\" class=\"elementor-field-label\">\n\t\t\t\t\t\t\t\tPosition\t\t\t\t\t\t\t<\/label>\n\t\t\t\t\t\t\t\t\t\t\t\t\t\t<input size=\"1\" type=\"text\" name=\"form_fields[pozicija]\" id=\"form-field-pozicija\" class=\"elementor-field elementor-size-lg  elementor-field-textual\" required=\"required\">\n\t\t\t\t\t\t\t\t\t\t\t<\/div>\n\t\t\t\t\t\t\t\t<div class=\"elementor-field-type-text elementor-field-group elementor-column elementor-field-group-institucija elementor-col-50\">\n\t\t\t\t\t\t\t\t\t\t\t\t<label for=\"form-field-institucija\" class=\"elementor-field-label\">\n\t\t\t\t\t\t\t\tInstitution (optional)\t\t\t\t\t\t\t<\/label>\n\t\t\t\t\t\t\t\t\t\t\t\t\t\t<input size=\"1\" type=\"text\" name=\"form_fields[institucija]\" id=\"form-field-institucija\" class=\"elementor-field elementor-size-lg  elementor-field-textual\">\n\t\t\t\t\t\t\t\t\t\t\t<\/div>\n\t\t\t\t\t\t\t\t<div class=\"elementor-field-type-text elementor-field-group elementor-column elementor-field-group-sektor elementor-col-50 elementor-field-required\">\n\t\t\t\t\t\t\t\t\t\t\t\t<label for=\"form-field-sektor\" class=\"elementor-field-label\">\n\t\t\t\t\t\t\t\tSector\t\t\t\t\t\t\t<\/label>\n\t\t\t\t\t\t\t\t\t\t\t\t\t\t<input size=\"1\" type=\"text\" name=\"form_fields[sektor]\" id=\"form-field-sektor\" class=\"elementor-field elementor-size-lg  elementor-field-textual\" required=\"required\">\n\t\t\t\t\t\t\t\t\t\t\t<\/div>\n\t\t\t\t\t\t\t\t<div class=\"elementor-field-type-text elementor-field-group elementor-column elementor-field-group-grad elementor-col-50 elementor-field-required\">\n\t\t\t\t\t\t\t\t\t\t\t\t<label for=\"form-field-grad\" class=\"elementor-field-label\">\n\t\t\t\t\t\t\t\tCity\t\t\t\t\t\t\t<\/label>\n\t\t\t\t\t\t\t\t\t\t\t\t\t\t<input size=\"1\" type=\"text\" name=\"form_fields[grad]\" id=\"form-field-grad\" class=\"elementor-field elementor-size-lg  elementor-field-textual\" required=\"required\">\n\t\t\t\t\t\t\t\t\t\t\t<\/div>\n\t\t\t\t\t\t\t\t<div class=\"elementor-field-type-text elementor-field-group elementor-column elementor-field-group-drzava elementor-col-50 elementor-field-required\">\n\t\t\t\t\t\t\t\t\t\t\t\t<label for=\"form-field-drzava\" class=\"elementor-field-label\">\n\t\t\t\t\t\t\t\tCountry\t\t\t\t\t\t\t<\/label>\n\t\t\t\t\t\t\t\t\t\t\t\t\t\t<input size=\"1\" type=\"text\" name=\"form_fields[drzava]\" id=\"form-field-drzava\" class=\"elementor-field elementor-size-lg  elementor-field-textual\" required=\"required\">\n\t\t\t\t\t\t\t\t\t\t\t<\/div>\n\t\t\t\t\t\t\t\t<div class=\"elementor-field-type-tel elementor-field-group elementor-column elementor-field-group-broj_mobitela__telefona elementor-col-100 elementor-field-required\">\n\t\t\t\t\t\t\t\t\t\t\t\t<label for=\"form-field-broj_mobitela__telefona\" class=\"elementor-field-label\">\n\t\t\t\t\t\t\t\tMobile \/ Phone Number\t\t\t\t\t\t\t<\/label>\n\t\t\t\t\t\t\t\t<input size=\"1\" type=\"tel\" name=\"form_fields[broj_mobitela__telefona]\" id=\"form-field-broj_mobitela__telefona\" class=\"elementor-field elementor-size-lg  elementor-field-textual\" placeholder=\"Unijet broj telefona u formatu +38761-xxx-xxx\" required=\"required\" pattern=\"[0-9()#&amp;+*-=.]+\" title=\"Only numbers and phone characters (#, -, *, etc) are accepted.\">\n\n\t\t\t\t\t\t<\/div>\n\t\t\t\t\t\t\t\t<div class=\"elementor-field-type-email elementor-field-group elementor-column elementor-field-group-email_adresa elementor-col-50\">\n\t\t\t\t\t\t\t\t\t\t\t\t<label for=\"form-field-email_adresa\" class=\"elementor-field-label\">\n\t\t\t\t\t\t\t\tEmail Address\t\t\t\t\t\t\t<\/label>\n\t\t\t\t\t\t\t\t\t\t\t\t\t\t<input size=\"1\" type=\"email\" name=\"form_fields[email_adresa]\" id=\"form-field-email_adresa\" class=\"elementor-field elementor-size-lg  elementor-field-textual\">\n\t\t\t\t\t\t\t\t\t\t\t<\/div>\n\t\t\t\t\t\t\t\t<div class=\"elementor-field-type-text elementor-field-group elementor-column elementor-field-group-web_stranica elementor-col-50 elementor-field-required\">\n\t\t\t\t\t\t\t\t\t\t\t\t<label for=\"form-field-web_stranica\" class=\"elementor-field-label\">\n\t\t\t\t\t\t\t\tWebsite\t\t\t\t\t\t\t<\/label>\n\t\t\t\t\t\t\t\t\t\t\t\t\t\t<input size=\"1\" type=\"text\" name=\"form_fields[web_stranica]\" id=\"form-field-web_stranica\" class=\"elementor-field elementor-size-lg  elementor-field-textual\" required=\"required\">\n\t\t\t\t\t\t\t\t\t\t\t<\/div>\n\t\t\t\t\t\t\t\t<div class=\"elementor-field-type-textarea elementor-field-group elementor-column elementor-field-group-dodatno__poruka elementor-col-100\">\n\t\t\t\t\t\t\t\t\t\t\t\t<label for=\"form-field-dodatno__poruka\" class=\"elementor-field-label\">\n\t\t\t\t\t\t\t\tAdditional Info \/ Message\t\t\t\t\t\t\t<\/label>\n\t\t\t\t\t\t<textarea class=\"elementor-field-textual elementor-field  elementor-size-lg\" name=\"form_fields[dodatno__poruka]\" id=\"form-field-dodatno__poruka\" rows=\"15\"><\/textarea>\t\t\t\t<\/div>\n\t\t\t\t\t\t\t\t<div class=\"elementor-field-group elementor-column elementor-field-type-submit elementor-col-25 e-form__buttons elementor-md-30\">\n\t\t\t\t\t<button class=\"elementor-button elementor-size-md\" type=\"submit\" id=\"btn-form\">\n\t\t\t\t\t\t<span class=\"elementor-button-content-wrapper\">\n\t\t\t\t\t\t\t\t\t\t\t\t\t\t\t\t\t\t\t\t\t\t<span class=\"elementor-button-text\">Submit Form<\/span>\n\t\t\t\t\t\t\t\t\t\t\t\t\t<\/span>\n\t\t\t\t\t<\/button>\n\t\t\t\t<\/div>\n\t\t\t<\/div>\n\t\t<input type=\"hidden\" name=\"trp-form-language\" value=\"en\"\/><\/form>\n\t\t\t\t\t\t<\/div>\n\t\t\t\t<\/div>\n\t\t\t\t<\/div>\n\t\t\t\t<\/div>\n\t\t\t\t<\/div>\n\t\t<div class=\"elementor-element elementor-element-30d9765 e-con-full e-flex e-con e-parent\" data-id=\"30d9765\" data-element_type=\"container\" data-settings=\"{&quot;background_background&quot;:&quot;classic&quot;}\">\n\t\t<div class=\"elementor-element elementor-element-3d9f2bb e-con-full e-flex e-con e-child\" data-id=\"3d9f2bb\" data-element_type=\"container\">\n\t\t<div class=\"elementor-element elementor-element-c7db6f6 e-con-full e-flex e-con e-child\" data-id=\"c7db6f6\" data-element_type=\"container\">\n\t\t<div class=\"elementor-element elementor-element-8ccab08 e-con-full e-flex e-con e-child\" data-id=\"8ccab08\" data-element_type=\"container\">\n\t\t\t\t<div class=\"elementor-element elementor-element-7a3e588 elementor-widget-mobile__width-initial elementor-widget elementor-widget-heading\" data-id=\"7a3e588\" data-element_type=\"widget\" data-widget_type=\"heading.default\">\n\t\t\t\t<div class=\"elementor-widget-container\">\n\t\t\t\t\t<h2 class=\"elementor-heading-title elementor-size-default\">Need Representation or Partnership?<\/h2>\t\t\t\t<\/div>\n\t\t\t\t<\/div>\n\t\t\t\t<div class=\"elementor-element elementor-element-d29e7cf elementor-widget elementor-widget-heading\" data-id=\"d29e7cf\" data-element_type=\"widget\" data-widget_type=\"heading.default\">\n\t\t\t\t<div class=\"elementor-widget-container\">\n\t\t\t\t\t<h2 class=\"elementor-heading-title elementor-size-default\">We\u2019re here to meet your needs.<\/h2>\t\t\t\t<\/div>\n\t\t\t\t<\/div>\n\t\t\t\t<div class=\"elementor-element elementor-element-e25c954 elementor-align-left elementor-widget__width-initial btn-hover-underline elementor-widget elementor-widget-button\" data-id=\"e25c954\" data-element_type=\"widget\" data-widget_type=\"button.default\">\n\t\t\t\t<div class=\"elementor-widget-container\">\n\t\t\t\t\t\t\t\t\t<div class=\"elementor-button-wrapper\">\n\t\t\t\t\t<a class=\"elementor-button elementor-button-link elementor-size-sm\" href=\"https:\/\/willdich.ba\/en\/kontakt\/\">\n\t\t\t\t\t\t<span class=\"elementor-button-content-wrapper\">\n\t\t\t\t\t\t\t\t\t<span class=\"elementor-button-text\">Contact us<\/span>\n\t\t\t\t\t<\/span>\n\t\t\t\t\t<\/a>\n\t\t\t\t<\/div>\n\t\t\t\t\t\t\t\t<\/div>\n\t\t\t\t<\/div>\n\t\t\t\t<\/div>\n\t\t\t\t<\/div>\n\t\t<div class=\"elementor-element elementor-element-2604b08 e-con-full e-flex e-con e-child\" data-id=\"2604b08\" data-element_type=\"container\">\n\t\t<div class=\"elementor-element elementor-element-a349a0b e-con-full e-flex e-con e-child\" data-id=\"a349a0b\" data-element_type=\"container\">\n\t\t\t\t<div class=\"elementor-element elementor-element-9b1920c elementor-widget__width-initial elementor-view-framed elementor-shape-square elementor-widget elementor-widget-icon\" data-id=\"9b1920c\" data-element_type=\"widget\" data-widget_type=\"icon.default\">\n\t\t\t\t<div class=\"elementor-widget-container\">\n\t\t\t\t\t\t\t<div class=\"elementor-icon-wrapper\">\n\t\t\t<div class=\"elementor-icon\">\n\t\t\t<svg xmlns=\"http:\/\/www.w3.org\/2000\/svg\" width=\"510\" height=\"560\" viewbox=\"0 0 510 560\" fill=\"none\"><path d=\"M505 153.077L442.5 116.058M505 153.077V216.538M505 153.077L442.5 190.096M5 153.077L67.5 116.058M5 153.077L67.5 190.096M5 153.077V216.538M255 301.154L317.5 264.135M255 301.154L192.5 264.135M255 301.154V364.615M255 555L317.5 517.981M255 555V491.538M255 555L192.5 517.981M192.5 42.0192L255 5L317.5 42.0192M505 343.462V406.923L442.5 443.942M67.5 443.942L5 406.923V343.462\" stroke=\"white\" stroke-width=\"10\" stroke-linecap=\"round\" stroke-linejoin=\"round\"><\/path><\/svg>\t\t\t<\/div>\n\t\t<\/div>\n\t\t\t\t\t\t<\/div>\n\t\t\t\t<\/div>\n\t\t\t\t<\/div>\n\t\t\t\t<\/div>\n\t\t\t\t<\/div>\n\t\t\t\t<\/div>\n\t\t\t\t<\/div>","protected":false},"excerpt":{"rendered":"<p>B2B PLATFORMA Otvaramo vrata globalnim mogu\u0107nostima Povezujemo odgovaraju\u0107e doma\u0107e i svjetske kompanije kroz na\u0161u B2B platformu. B2B formular Popunite i po\u0161aljite nam ovaj formular kako bi u\u010destvovali na B2B susretima. U\u010de\u0161\u0107e na sve na\u0161e B2B susrete je BESPLATNO. Trebate zastupni\u0161tvo ili partnerstvo ? Tu smo da odgovorimo na va\u0161e zahtjeve. Kontaktirajte nas<\/p>","protected":false},"author":1,"featured_media":0,"parent":0,"menu_order":0,"comment_status":"closed","ping_status":"closed","template":"","meta":{"footnotes":""},"class_list":["post-221","page","type-page","status-publish","hentry"],"_links":{"self":[{"href":"https:\/\/willdich.ba\/en\/wp-json\/wp\/v2\/pages\/221","targetHints":{"allow":["GET"]}}],"collection":[{"href":"https:\/\/willdich.ba\/en\/wp-json\/wp\/v2\/pages"}],"about":[{"href":"https:\/\/willdich.ba\/en\/wp-json\/wp\/v2\/types\/page"}],"author":[{"embeddable":true,"href":"https:\/\/willdich.ba\/en\/wp-json\/wp\/v2\/users\/1"}],"replies":[{"embeddable":true,"href":"https:\/\/willdich.ba\/en\/wp-json\/wp\/v2\/comments?post=221"}],"version-history":[{"count":285,"href":"https:\/\/willdich.ba\/en\/wp-json\/wp\/v2\/pages\/221\/revisions"}],"predecessor-version":[{"id":2758,"href":"https:\/\/willdich.ba\/en\/wp-json\/wp\/v2\/pages\/221\/revisions\/2758"}],"wp:attachment":[{"href":"https:\/\/willdich.ba\/en\/wp-json\/wp\/v2\/media?parent=221"}],"curies":[{"name":"wp","href":"https:\/\/api.w.org\/{rel}","templated":true}]}}