{"id":404,"date":"2025-04-14T07:21:04","date_gmt":"2025-04-14T07:21:04","guid":{"rendered":"https:\/\/willdich.ba\/?page_id=404"},"modified":"2025-04-30T15:06:43","modified_gmt":"2025-04-30T15:06:43","slug":"o-nama","status":"publish","type":"page","link":"https:\/\/willdich.ba\/en\/o-nama\/","title":{"rendered":"ABOUT US"},"content":{"rendered":"<div data-elementor-type=\"wp-page\" data-elementor-id=\"404\" class=\"elementor elementor-404\" data-elementor-post-type=\"page\">\n\t\t\t\t<div class=\"elementor-element elementor-element-bd38691 e-con-full elementor-hidden-desktop e-flex e-con e-parent\" data-id=\"bd38691\" data-element_type=\"container\" id=\"O NAMA\" data-settings=\"{&quot;background_background&quot;:&quot;classic&quot;}\">\n\t\t<div class=\"elementor-element elementor-element-48edbeb e-con-full e-flex e-con e-child\" data-id=\"48edbeb\" data-element_type=\"container\">\n\t\t<div class=\"elementor-element elementor-element-0035b3e e-con-full elementor-hidden-mobile e-flex e-con e-child\" data-id=\"0035b3e\" data-element_type=\"container\">\n\t\t\t\t<\/div>\n\t\t<div class=\"elementor-element elementor-element-595d44a e-con-full elementor-hidden-mobile e-flex e-con e-child\" data-id=\"595d44a\" data-element_type=\"container\">\n\t\t\t\t<\/div>\n\t\t<div class=\"elementor-element elementor-element-b62a09f e-con-full e-flex e-con e-child\" data-id=\"b62a09f\" data-element_type=\"container\">\n\t\t<div class=\"elementor-element elementor-element-078c936 e-con-full e-flex e-con e-child\" data-id=\"078c936\" data-element_type=\"container\">\n\t\t\t\t<div class=\"elementor-element elementor-element-66f851a elementor-widget__width-initial elementor-widget elementor-widget-heading\" data-id=\"66f851a\" data-element_type=\"widget\" data-widget_type=\"heading.default\">\n\t\t\t\t<div class=\"elementor-widget-container\">\n\t\t\t\t\t<h5 class=\"elementor-heading-title elementor-size-default\">ABOUT US<\/h5>\t\t\t\t<\/div>\n\t\t\t\t<\/div>\n\t\t\t\t<div class=\"elementor-element elementor-element-5defc27 elementor-widget__width-initial elementor-widget-divider--view-line elementor-widget elementor-widget-divider\" data-id=\"5defc27\" data-element_type=\"widget\" data-widget_type=\"divider.default\">\n\t\t\t\t<div class=\"elementor-widget-container\">\n\t\t\t\t\t\t\t<div class=\"elementor-divider\">\n\t\t\t<span class=\"elementor-divider-separator\">\n\t\t\t\t\t\t<\/span>\n\t\t<\/div>\n\t\t\t\t\t\t<\/div>\n\t\t\t\t<\/div>\n\t\t\t\t<\/div>\n\t\t<div class=\"elementor-element elementor-element-a526c73 e-con-full e-flex e-con e-child\" data-id=\"a526c73\" data-element_type=\"container\">\n\t\t\t\t<div class=\"elementor-element elementor-element-ab789aa elementor-widget__width-initial elementor-widget elementor-widget-heading\" data-id=\"ab789aa\" data-element_type=\"widget\" data-widget_type=\"heading.default\">\n\t\t\t\t<div class=\"elementor-widget-container\">\n\t\t\t\t\t<h2 class=\"elementor-heading-title elementor-size-default\">The strength of a successful business lies in a solid strategy.<\/h2>\t\t\t\t<\/div>\n\t\t\t\t<\/div>\n\t\t\t\t<\/div>\n\t\t\t\t<\/div>\n\t\t\t\t<\/div>\n\t\t\t\t<\/div>\n\t\t<div class=\"elementor-element elementor-element-735006e e-con-full elementor-hidden-tablet elementor-hidden-mobile e-flex e-con e-parent\" data-id=\"735006e\" data-element_type=\"container\" data-settings=\"{&quot;background_background&quot;:&quot;classic&quot;}\">\n\t\t<div class=\"elementor-element elementor-element-ac6fe3e e-flex e-con-boxed e-con e-child\" data-id=\"ac6fe3e\" data-element_type=\"container\" data-settings=\"{&quot;background_background&quot;:&quot;classic&quot;}\">\n\t\t\t\t\t<div class=\"e-con-inner\">\n\t\t<div class=\"elementor-element elementor-element-c9f71a3 e-con-full e-flex e-con e-child\" data-id=\"c9f71a3\" data-element_type=\"container\">\n\t\t<div class=\"elementor-element elementor-element-8889260 e-con-full elementor-hidden-mobile e-flex e-con e-child\" data-id=\"8889260\" data-element_type=\"container\">\n\t\t\t\t<\/div>\n\t\t<div class=\"elementor-element elementor-element-2c85f0d e-con-full elementor-hidden-mobile e-flex e-con e-child\" data-id=\"2c85f0d\" data-element_type=\"container\">\n\t\t\t\t<\/div>\n\t\t<div class=\"elementor-element elementor-element-36dfbb2 e-con-full e-flex e-con e-child\" data-id=\"36dfbb2\" data-element_type=\"container\">\n\t\t<div class=\"elementor-element elementor-element-da3a158 e-con-full e-flex e-con e-child\" data-id=\"da3a158\" data-element_type=\"container\">\n\t\t\t\t<div class=\"elementor-element elementor-element-b3680eb elementor-widget__width-initial elementor-widget elementor-widget-heading\" data-id=\"b3680eb\" data-element_type=\"widget\" data-widget_type=\"heading.default\">\n\t\t\t\t<div class=\"elementor-widget-container\">\n\t\t\t\t\t<h5 class=\"elementor-heading-title elementor-size-default\">ABOUT US<\/h5>\t\t\t\t<\/div>\n\t\t\t\t<\/div>\n\t\t\t\t<div class=\"elementor-element elementor-element-9d7f45e elementor-widget__width-initial elementor-widget-divider--view-line elementor-widget elementor-widget-divider\" data-id=\"9d7f45e\" data-element_type=\"widget\" data-widget_type=\"divider.default\">\n\t\t\t\t<div class=\"elementor-widget-container\">\n\t\t\t\t\t\t\t<div class=\"elementor-divider\">\n\t\t\t<span class=\"elementor-divider-separator\">\n\t\t\t\t\t\t<\/span>\n\t\t<\/div>\n\t\t\t\t\t\t<\/div>\n\t\t\t\t<\/div>\n\t\t\t\t<\/div>\n\t\t<div class=\"elementor-element elementor-element-3d71d62 e-con-full e-flex e-con e-child\" data-id=\"3d71d62\" data-element_type=\"container\">\n\t\t\t\t<div class=\"elementor-element elementor-element-f3e528a elementor-widget__width-initial elementor-widget elementor-widget-heading\" data-id=\"f3e528a\" data-element_type=\"widget\" data-widget_type=\"heading.default\">\n\t\t\t\t<div class=\"elementor-widget-container\">\n\t\t\t\t\t<h2 class=\"elementor-heading-title elementor-size-default\">The strength of a successful business lies in a solid strategy.<\/h2>\t\t\t\t<\/div>\n\t\t\t\t<\/div>\n\t\t\t\t<\/div>\n\t\t\t\t<\/div>\n\t\t\t\t<\/div>\n\t\t\t\t\t<\/div>\n\t\t\t\t<\/div>\n\t\t\t\t<\/div>\n\t\t<div class=\"elementor-element elementor-element-12a68ba e-con-full e-flex e-con e-parent\" data-id=\"12a68ba\" data-element_type=\"container\">\n\t\t<div class=\"elementor-element elementor-element-619a2ef e-con-full e-flex e-con e-child\" data-id=\"619a2ef\" data-element_type=\"container\">\n\t\t<div class=\"elementor-element elementor-element-23ffa00 e-con-full e-flex e-con e-child\" data-id=\"23ffa00\" data-element_type=\"container\">\n\t\t<div class=\"elementor-element elementor-element-cc765e1 e-con-full e-flex e-con e-child\" data-id=\"cc765e1\" data-element_type=\"container\">\n\t\t\t\t<div class=\"elementor-element elementor-element-d216105 elementor-widget elementor-widget-heading\" data-id=\"d216105\" data-element_type=\"widget\" data-widget_type=\"heading.default\">\n\t\t\t\t<div class=\"elementor-widget-container\">\n\t\t\t\t\t<h2 class=\"elementor-heading-title elementor-size-default\">Vision<\/h2>\t\t\t\t<\/div>\n\t\t\t\t<\/div>\n\t\t\t\t<div class=\"elementor-element elementor-element-65219d3 elementor-widget__width-initial elementor-widget-divider--view-line elementor-widget elementor-widget-divider\" data-id=\"65219d3\" data-element_type=\"widget\" data-widget_type=\"divider.default\">\n\t\t\t\t<div class=\"elementor-widget-container\">\n\t\t\t\t\t\t\t<div class=\"elementor-divider\">\n\t\t\t<span class=\"elementor-divider-separator\">\n\t\t\t\t\t\t<\/span>\n\t\t<\/div>\n\t\t\t\t\t\t<\/div>\n\t\t\t\t<\/div>\n\t\t\t\t<\/div>\n\t\t<div class=\"elementor-element elementor-element-16d9c7a e-con-full e-flex e-con e-child\" data-id=\"16d9c7a\" data-element_type=\"container\">\n\t\t\t\t<div class=\"elementor-element elementor-element-e38ba32 elementor-widget elementor-widget-text-editor\" data-id=\"e38ba32\" data-element_type=\"widget\" data-widget_type=\"text-editor.default\">\n\t\t\t\t<div class=\"elementor-widget-container\">\n\t\t\t\t\t\t\t\t\t<p>Our vision is to become a leading partner in business consulting, recognized for the quality of our services, innovative approaches, and the ability to transform our clients' businesses.\nWe aim to create a business environment where every company has the opportunity to reach its full potential.<\/p>\t\t\t\t\t\t\t\t<\/div>\n\t\t\t\t<\/div>\n\t\t\t\t<\/div>\n\t\t\t\t<\/div>\n\t\t<div class=\"elementor-element elementor-element-a8c60d2 e-con-full e-flex e-con e-child\" data-id=\"a8c60d2\" data-element_type=\"container\">\n\t\t<div class=\"elementor-element elementor-element-a07a3f4 e-con-full e-flex e-con e-child\" data-id=\"a07a3f4\" data-element_type=\"container\">\n\t\t\t\t<div class=\"elementor-element elementor-element-2b42856 elementor-widget elementor-widget-heading\" data-id=\"2b42856\" data-element_type=\"widget\" data-widget_type=\"heading.default\">\n\t\t\t\t<div class=\"elementor-widget-container\">\n\t\t\t\t\t<h2 class=\"elementor-heading-title elementor-size-default\">Mission<\/h2>\t\t\t\t<\/div>\n\t\t\t\t<\/div>\n\t\t\t\t<div class=\"elementor-element elementor-element-c5d2197 elementor-widget-divider--view-line elementor-widget elementor-widget-divider\" data-id=\"c5d2197\" data-element_type=\"widget\" data-widget_type=\"divider.default\">\n\t\t\t\t<div class=\"elementor-widget-container\">\n\t\t\t\t\t\t\t<div class=\"elementor-divider\">\n\t\t\t<span class=\"elementor-divider-separator\">\n\t\t\t\t\t\t<\/span>\n\t\t<\/div>\n\t\t\t\t\t\t<\/div>\n\t\t\t\t<\/div>\n\t\t\t\t<\/div>\n\t\t<div class=\"elementor-element elementor-element-6bf2c5c e-con-full e-flex e-con e-child\" data-id=\"6bf2c5c\" data-element_type=\"container\">\n\t\t\t\t<div class=\"elementor-element elementor-element-54243ec elementor-widget__width-initial elementor-widget elementor-widget-text-editor\" data-id=\"54243ec\" data-element_type=\"widget\" data-widget_type=\"text-editor.default\">\n\t\t\t\t<div class=\"elementor-widget-container\">\n\t\t\t\t\t\t\t\t\t<p>Our mission is to empower companies through innovative and strategic consulting services, enabling them to achieve sustainable growth and remain competitive in the market.\nWe provide tailored solutions that help clients make informed decisions and achieve long-term success.<\/p>\t\t\t\t\t\t\t\t<\/div>\n\t\t\t\t<\/div>\n\t\t\t\t<\/div>\n\t\t\t\t<\/div>\n\t\t\t\t<\/div>\n\t\t\t\t<\/div>\n\t\t<div class=\"elementor-element elementor-element-9dec94c e-con-full e-flex e-con e-parent\" data-id=\"9dec94c\" data-element_type=\"container\">\n\t\t<div class=\"elementor-element elementor-element-e5902c4 e-flex e-con-boxed e-con e-child\" data-id=\"e5902c4\" data-element_type=\"container\">\n\t\t\t\t\t<div class=\"e-con-inner\">\n\t\t<div class=\"elementor-element elementor-element-6d95bb7 e-flex e-con-boxed e-con e-child\" data-id=\"6d95bb7\" data-element_type=\"container\" data-settings=\"{&quot;background_background&quot;:&quot;classic&quot;}\">\n\t\t\t\t\t<div class=\"e-con-inner\">\n\t\t<div class=\"elementor-element elementor-element-a0f187f e-con-full e-flex e-con e-child\" data-id=\"a0f187f\" data-element_type=\"container\">\n\t\t\t\t<div class=\"elementor-element elementor-element-77ca017 elementor-widget__width-initial elementor-widget elementor-widget-image\" data-id=\"77ca017\" data-element_type=\"widget\" data-widget_type=\"image.default\">\n\t\t\t\t<div class=\"elementor-widget-container\">\n\t\t\t\t\t\t\t\t\t\t\t\t\t\t\t<img decoding=\"async\" width=\"120\" height=\"120\" src=\"https:\/\/willdich.ba\/wp-content\/uploads\/2025\/04\/Vector-1.svg\" class=\"attachment-full size-full wp-image-422\" alt=\"\" \/>\t\t\t\t\t\t\t\t\t\t\t\t\t\t\t<\/div>\n\t\t\t\t<\/div>\n\t\t\t\t<\/div>\n\t\t<div class=\"elementor-element elementor-element-63e10b6 e-con-full e-flex e-con e-child\" data-id=\"63e10b6\" data-element_type=\"container\">\n\t\t\t\t<div class=\"elementor-element elementor-element-1a24181 elementor-widget__width-initial elementor-widget elementor-widget-text-editor\" data-id=\"1a24181\" data-element_type=\"widget\" data-widget_type=\"text-editor.default\">\n\t\t\t\t<div class=\"elementor-widget-container\">\n\t\t\t\t\t\t\t\t\t<p>Years of experience, comprehensive business solutions, and strong connections in Bosnia and Herzegovina, the region, and across the globe form the foundation of our business concept\u2014centered on the growth and success of our partners.<\/p>\t\t\t\t\t\t\t\t<\/div>\n\t\t\t\t<\/div>\n\t\t\t\t<\/div>\n\t\t\t\t<div class=\"elementor-element elementor-element-3002769 elementor-widget__width-initial elementor-widget elementor-widget-heading\" data-id=\"3002769\" data-element_type=\"widget\" data-widget_type=\"heading.default\">\n\t\t\t\t<div class=\"elementor-widget-container\">\n\t\t\t\t\t<p class=\"elementor-heading-title elementor-size-default\">Dr. Samir Vildi\u0107<\/p>\t\t\t\t<\/div>\n\t\t\t\t<\/div>\n\t\t\t\t<div class=\"elementor-element elementor-element-1928d06 elementor-widget__width-initial elementor-widget elementor-widget-heading\" data-id=\"1928d06\" data-element_type=\"widget\" data-widget_type=\"heading.default\">\n\t\t\t\t<div class=\"elementor-widget-container\">\n\t\t\t\t\t<p class=\"elementor-heading-title elementor-size-default\">CEO<\/p>\t\t\t\t<\/div>\n\t\t\t\t<\/div>\n\t\t\t\t\t<\/div>\n\t\t\t\t<\/div>\n\t\t<div class=\"elementor-element elementor-element-a4b4b41 e-flex e-con-boxed e-con e-child\" data-id=\"a4b4b41\" data-element_type=\"container\" data-settings=\"{&quot;background_background&quot;:&quot;classic&quot;}\">\n\t\t\t\t\t<div class=\"e-con-inner\">\n\t\t\t\t<div class=\"elementor-element elementor-element-c619b5a elementor-hidden-desktop elementor-hidden-tablet elementor-widget elementor-widget-image\" data-id=\"c619b5a\" data-element_type=\"widget\" data-widget_type=\"image.default\">\n\t\t\t\t<div class=\"elementor-widget-container\">\n\t\t\t\t\t\t\t\t\t\t\t\t\t\t\t<img decoding=\"async\" src=\"https:\/\/willdich.ba\/wp-content\/uploads\/elementor\/thumbs\/Samir-Vildic_1200-1-r4j7kipwyduapjiywqmoiemcqicp7yhl2a9yd21xzg.jpg\" title=\"Samir Vildic_1200\" alt=\"Samir Vildic_1200\" loading=\"lazy\" \/>\t\t\t\t\t\t\t\t\t\t\t\t\t\t\t<\/div>\n\t\t\t\t<\/div>\n\t\t\t\t\t<\/div>\n\t\t\t\t<\/div>\n\t\t\t\t\t<\/div>\n\t\t\t\t<\/div>\n\t\t\t\t<\/div>\n\t\t<div class=\"elementor-element elementor-element-8dc531b e-con-full e-flex e-con e-parent\" data-id=\"8dc531b\" data-element_type=\"container\">\n\t\t<div class=\"elementor-element elementor-element-46f0870 e-con-full e-flex e-con e-child\" data-id=\"46f0870\" data-element_type=\"container\">\n\t\t<div class=\"elementor-element elementor-element-04ebe39 e-con-full e-flex e-con e-child\" data-id=\"04ebe39\" data-element_type=\"container\">\n\t\t<div class=\"elementor-element elementor-element-6afa205 e-con-full e-flex e-con e-child\" data-id=\"6afa205\" data-element_type=\"container\">\n\t\t\t\t<div class=\"elementor-element elementor-element-331992b elementor-widget elementor-widget-heading\" data-id=\"331992b\" data-element_type=\"widget\" data-widget_type=\"heading.default\">\n\t\t\t\t<div class=\"elementor-widget-container\">\n\t\t\t\t\t<h2 class=\"elementor-heading-title elementor-size-default\">Who Are We?<\/h2>\t\t\t\t<\/div>\n\t\t\t\t<\/div>\n\t\t\t\t<div class=\"elementor-element elementor-element-731faa5 elementor-widget__width-initial elementor-widget-divider--view-line elementor-widget elementor-widget-divider\" data-id=\"731faa5\" data-element_type=\"widget\" data-widget_type=\"divider.default\">\n\t\t\t\t<div class=\"elementor-widget-container\">\n\t\t\t\t\t\t\t<div class=\"elementor-divider\">\n\t\t\t<span class=\"elementor-divider-separator\">\n\t\t\t\t\t\t<\/span>\n\t\t<\/div>\n\t\t\t\t\t\t<\/div>\n\t\t\t\t<\/div>\n\t\t\t\t<\/div>\n\t\t<div class=\"elementor-element elementor-element-8baa039 e-con-full e-flex e-con e-child\" data-id=\"8baa039\" data-element_type=\"container\">\n\t\t\t\t<div class=\"elementor-element elementor-element-dabc144 elementor-widget elementor-widget-text-editor\" data-id=\"dabc144\" data-element_type=\"widget\" data-widget_type=\"text-editor.default\">\n\t\t\t\t<div class=\"elementor-widget-container\">\n\t\t\t\t\t\t\t\t\t<p>We are your partner for business success! We help you grow your business, make the right decisions, and find the best strategies for growth.\nWhat sets us apart is our network of business contacts\u2014we are connected with entrepreneurs in Bosnia and Herzegovina, across the region, and around the world..<\/p><p>Our expert team is always ready to face any business challenge and find the best solution for you<\/p>\t\t\t\t\t\t\t\t<\/div>\n\t\t\t\t<\/div>\n\t\t\t\t<\/div>\n\t\t\t\t<\/div>\n\t\t<div class=\"elementor-element elementor-element-31ae3cc e-con-full e-flex e-con e-child\" data-id=\"31ae3cc\" data-element_type=\"container\">\n\t\t<div class=\"elementor-element elementor-element-8b5b18c e-con-full e-flex e-con e-child\" data-id=\"8b5b18c\" data-element_type=\"container\">\n\t\t\t\t<div class=\"elementor-element elementor-element-9cbb4a4 elementor-widget elementor-widget-heading\" data-id=\"9cbb4a4\" data-element_type=\"widget\" data-widget_type=\"heading.default\">\n\t\t\t\t<div class=\"elementor-widget-container\">\n\t\t\t\t\t<h2 class=\"elementor-heading-title elementor-size-default\">Our Services<\/h2>\t\t\t\t<\/div>\n\t\t\t\t<\/div>\n\t\t\t\t<div class=\"elementor-element elementor-element-15edd00 elementor-widget-divider--view-line elementor-widget elementor-widget-divider\" data-id=\"15edd00\" data-element_type=\"widget\" data-widget_type=\"divider.default\">\n\t\t\t\t<div class=\"elementor-widget-container\">\n\t\t\t\t\t\t\t<div class=\"elementor-divider\">\n\t\t\t<span class=\"elementor-divider-separator\">\n\t\t\t\t\t\t<\/span>\n\t\t<\/div>\n\t\t\t\t\t\t<\/div>\n\t\t\t\t<\/div>\n\t\t\t\t<\/div>\n\t\t<div class=\"elementor-element elementor-element-0d31270 e-con-full e-flex e-con e-child\" data-id=\"0d31270\" data-element_type=\"container\">\n\t\t\t\t<div class=\"elementor-element elementor-element-bca4374 elementor-widget__width-initial elementor-widget elementor-widget-text-editor\" data-id=\"bca4374\" data-element_type=\"widget\" data-widget_type=\"text-editor.default\">\n\t\t\t\t<div class=\"elementor-widget-container\">\n\t\t\t\t\t\t\t\t\t<p>We assist in client acquisition, organize training and workshops, provide business consulting, create strategies for import and export, develop business plans, and support the creation of new business ideas.<\/p><p>We help you become a representative of global brands and support you in all key business activities.<\/p>\t\t\t\t\t\t\t\t<\/div>\n\t\t\t\t<\/div>\n\t\t\t\t<\/div>\n\t\t\t\t<\/div>\n\t\t\t\t<\/div>\n\t\t\t\t<\/div>\n\t\t<div class=\"elementor-element elementor-element-e36e489 e-con-full e-flex e-con e-parent\" data-id=\"e36e489\" data-element_type=\"container\">\n\t\t<div class=\"elementor-element elementor-element-0e791c2 e-con-full e-flex e-con e-child\" data-id=\"0e791c2\" data-element_type=\"container\" data-settings=\"{&quot;background_background&quot;:&quot;classic&quot;}\">\n\t\t<div class=\"elementor-element elementor-element-787cc54 e-con-full elementor-hidden-mobile e-flex e-con e-child\" data-id=\"787cc54\" data-element_type=\"container\">\n\t\t\t\t<\/div>\n\t\t<div class=\"elementor-element elementor-element-eb9f6a6 e-con-full e-flex e-con e-child\" data-id=\"eb9f6a6\" data-element_type=\"container\">\n\t\t<div class=\"elementor-element elementor-element-839f468 e-con-full onama e-flex e-con e-child\" data-id=\"839f468\" data-element_type=\"container\" data-settings=\"{&quot;background_background&quot;:&quot;classic&quot;}\">\n\t\t<div class=\"elementor-element elementor-element-92af7f4 e-con-full e-flex e-con e-child\" data-id=\"92af7f4\" data-element_type=\"container\">\n\t\t\t\t<div class=\"elementor-element elementor-element-684add5 elementor-widget-mobile__width-initial elementor-widget elementor-widget-heading\" data-id=\"684add5\" data-element_type=\"widget\" data-widget_type=\"heading.default\">\n\t\t\t\t<div class=\"elementor-widget-container\">\n\t\t\t\t\t<h2 class=\"elementor-heading-title elementor-size-default\">Do you have a project or need help with your business?<\/h2>\t\t\t\t<\/div>\n\t\t\t\t<\/div>\n\t\t\t\t<div class=\"elementor-element elementor-element-bdf18c0 elementor-widget__width-initial elementor-widget elementor-widget-heading\" data-id=\"bdf18c0\" data-element_type=\"widget\" data-widget_type=\"heading.default\">\n\t\t\t\t<div class=\"elementor-widget-container\">\n\t\t\t\t\t<h2 class=\"elementor-heading-title elementor-size-default\">We\u2019re here to meet your needs.<\/h2>\t\t\t\t<\/div>\n\t\t\t\t<\/div>\n\t\t\t\t<div class=\"elementor-element elementor-element-bef9fc0 elementor-widget__width-initial elementor-align-left btn-hover-underline elementor-widget elementor-widget-button\" data-id=\"bef9fc0\" data-element_type=\"widget\" data-widget_type=\"button.default\">\n\t\t\t\t<div class=\"elementor-widget-container\">\n\t\t\t\t\t\t\t\t\t<div class=\"elementor-button-wrapper\">\n\t\t\t\t\t<a class=\"elementor-button elementor-button-link elementor-size-sm\" href=\"https:\/\/willdich.ba\/en\/kontakt\/\">\n\t\t\t\t\t\t<span class=\"elementor-button-content-wrapper\">\n\t\t\t\t\t\t\t\t\t<span class=\"elementor-button-text\">Contact us<\/span>\n\t\t\t\t\t<\/span>\n\t\t\t\t\t<\/a>\n\t\t\t\t<\/div>\n\t\t\t\t\t\t\t\t<\/div>\n\t\t\t\t<\/div>\n\t\t\t\t<\/div>\n\t\t\t\t<\/div>\n\t\t\t\t<\/div>\n\t\t\t\t<\/div>\n\t\t\t\t<\/div>\n\t\t\t\t<\/div>","protected":false},"excerpt":{"rendered":"<p>O NAMA Snaga uspje\u0161nog biznisa le\u017ei u dobroj strategiji O NAMA Snaga uspje\u0161nog biznisa le\u017ei u dobroj strategiji Vizija Na\u0161a vizija je postati vode\u0107i partner u poslovnom savjetovanju, prepoznatljiv po kvalitetu usluga, inovativnim pristupima i sposobnosti da transformi\u0161emo poslovanje na\u0161ih klijenata. \u017delimo stvarati poslovno okru\u017eenje u kojem svaka kompanija ima priliku da ostvari svoj puni [&hellip;]<\/p>","protected":false},"author":2,"featured_media":0,"parent":0,"menu_order":0,"comment_status":"closed","ping_status":"closed","template":"","meta":{"footnotes":""},"class_list":["post-404","page","type-page","status-publish","hentry"],"_links":{"self":[{"href":"https:\/\/willdich.ba\/en\/wp-json\/wp\/v2\/pages\/404","targetHints":{"allow":["GET"]}}],"collection":[{"href":"https:\/\/willdich.ba\/en\/wp-json\/wp\/v2\/pages"}],"about":[{"href":"https:\/\/willdich.ba\/en\/wp-json\/wp\/v2\/types\/page"}],"author":[{"embeddable":true,"href":"https:\/\/willdich.ba\/en\/wp-json\/wp\/v2\/users\/2"}],"replies":[{"embeddable":true,"href":"https:\/\/willdich.ba\/en\/wp-json\/wp\/v2\/comments?post=404"}],"version-history":[{"count":254,"href":"https:\/\/willdich.ba\/en\/wp-json\/wp\/v2\/pages\/404\/revisions"}],"predecessor-version":[{"id":2699,"href":"https:\/\/willdich.ba\/en\/wp-json\/wp\/v2\/pages\/404\/revisions\/2699"}],"wp:attachment":[{"href":"https:\/\/willdich.ba\/en\/wp-json\/wp\/v2\/media?parent=404"}],"curies":[{"name":"wp","href":"https:\/\/api.w.org\/{rel}","templated":true}]}}