{"id":608,"date":"2025-04-15T10:01:03","date_gmt":"2025-04-15T10:01:03","guid":{"rendered":"https:\/\/willdich.ba\/?page_id=608"},"modified":"2025-10-20T09:05:01","modified_gmt":"2025-10-20T09:05:01","slug":"willkids","status":"publish","type":"page","link":"https:\/\/willdich.ba\/en\/willkids\/","title":{"rendered":"WILLKIDS"},"content":{"rendered":"<div data-elementor-type=\"wp-page\" data-elementor-id=\"608\" class=\"elementor elementor-608\" data-elementor-post-type=\"page\">\n\t\t\t\t<div class=\"elementor-element elementor-element-5842dda e-con-full e-flex e-con e-parent\" data-id=\"5842dda\" data-element_type=\"container\" id=\"WILLKIDS\" data-settings=\"{&quot;background_background&quot;:&quot;classic&quot;}\">\n\t\t<div class=\"elementor-element elementor-element-46d4c9c e-con-full e-flex e-con e-child\" data-id=\"46d4c9c\" data-element_type=\"container\" data-settings=\"{&quot;background_background&quot;:&quot;classic&quot;}\">\n\t\t<div class=\"elementor-element elementor-element-05ed801 e-con-full e-flex e-con e-child\" data-id=\"05ed801\" data-element_type=\"container\">\n\t\t<div class=\"elementor-element elementor-element-7db2f42 e-con-full e-flex e-con e-child\" data-id=\"7db2f42\" data-element_type=\"container\">\n\t\t\t\t<div class=\"elementor-element elementor-element-65cf949 elementor-widget__width-initial elementor-widget elementor-widget-heading\" data-id=\"65cf949\" data-element_type=\"widget\" data-widget_type=\"heading.default\">\n\t\t\t\t<div class=\"elementor-widget-container\">\n\t\t\t\t\t<h2 class=\"elementor-heading-title elementor-size-default\">From the First Days to Big Adventures<\/h2>\t\t\t\t<\/div>\n\t\t\t\t<\/div>\n\t\t\t\t<\/div>\n\t\t\t\t<\/div>\n\t\t<div class=\"elementor-element elementor-element-c931599 e-con-full e-flex e-con e-child\" data-id=\"c931599\" data-element_type=\"container\">\n\t\t\t\t<\/div>\n\t\t\t\t<\/div>\n\t\t\t\t<\/div>\n\t\t<div class=\"elementor-element elementor-element-eed3a6f e-con-full e-flex e-con e-parent\" data-id=\"eed3a6f\" data-element_type=\"container\">\n\t\t<div class=\"elementor-element elementor-element-0280d9c e-con-full e-flex e-con e-child\" data-id=\"0280d9c\" data-element_type=\"container\">\n\t\t<div class=\"elementor-element elementor-element-0513655 e-con-full elementor-hidden-mobile e-flex e-con e-child\" data-id=\"0513655\" data-element_type=\"container\">\n\t\t\t\t<\/div>\n\t\t<div class=\"elementor-element elementor-element-6e8fc95 e-con-full e-flex e-con e-child\" data-id=\"6e8fc95\" data-element_type=\"container\">\n\t\t\t\t<div class=\"elementor-element elementor-element-d2a30ba elementor-widget__width-initial elementor-widget-tablet__width-initial elementor-widget elementor-widget-heading\" data-id=\"d2a30ba\" data-element_type=\"widget\" data-widget_type=\"heading.default\">\n\t\t\t\t<div class=\"elementor-widget-container\">\n\t\t\t\t\t<h2 class=\"elementor-heading-title elementor-size-default\">Clothing, footwear, and accessories for babies, children, and expecting mothers \u2013 carefully selected products for the most important moments.<\/h2>\t\t\t\t<\/div>\n\t\t\t\t<\/div>\n\t\t\t\t<\/div>\n\t\t\t\t<\/div>\n\t\t\t\t<\/div>\n\t\t<div class=\"elementor-element elementor-element-f9ed29b elementor-hidden-desktop e-flex e-con-boxed e-con e-parent\" data-id=\"f9ed29b\" data-element_type=\"container\" data-settings=\"{&quot;background_background&quot;:&quot;classic&quot;}\">\n\t\t\t\t\t<div class=\"e-con-inner\">\n\t\t\t\t<div class=\"elementor-element elementor-element-e3edb8f elementor-widget elementor-widget-image\" data-id=\"e3edb8f\" data-element_type=\"widget\" data-widget_type=\"image.default\">\n\t\t\t\t<div class=\"elementor-widget-container\">\n\t\t\t\t\t\t\t\t\t\t\t\t\t\t\t<img decoding=\"async\" src=\"https:\/\/willdich.ba\/wp-content\/uploads\/elementor\/thumbs\/Willkids_Mother-and-baby_tablet-mobile-r4k0k6uskq42zizrl5d19dy3jwxc878mieeb9w77g0.jpg\" title=\"Willkids_Mother and baby_tablet-mobile\" alt=\"Willkids_Mother and baby_tablet-mobile\" loading=\"lazy\" \/>\t\t\t\t\t\t\t\t\t\t\t\t\t\t\t<\/div>\n\t\t\t\t<\/div>\n\t\t\t\t\t<\/div>\n\t\t\t\t<\/div>\n\t\t<div class=\"elementor-element elementor-element-86384ac e-con-full elementor-hidden-tablet elementor-hidden-mobile e-flex e-con e-parent\" data-id=\"86384ac\" data-element_type=\"container\">\n\t\t<div class=\"elementor-element elementor-element-2a03c22 e-con-full e-flex e-con e-child\" data-id=\"2a03c22\" data-element_type=\"container\" data-settings=\"{&quot;background_background&quot;:&quot;classic&quot;}\">\n\t\t\t\t<\/div>\n\t\t\t\t<\/div>\n\t\t<div class=\"elementor-element elementor-element-72e38bb e-con-full e-flex e-con e-parent\" data-id=\"72e38bb\" data-element_type=\"container\">\n\t\t<div class=\"elementor-element elementor-element-88d250f e-flex e-con-boxed e-con e-child\" data-id=\"88d250f\" data-element_type=\"container\">\n\t\t\t\t\t<div class=\"e-con-inner\">\n\t\t<div class=\"elementor-element elementor-element-568e8f0 e-con-full e-flex e-con e-child\" data-id=\"568e8f0\" data-element_type=\"container\">\n\t\t<div class=\"elementor-element elementor-element-b703ea0 e-con-full e-flex e-con e-child\" data-id=\"b703ea0\" data-element_type=\"container\">\n\t\t\t\t<div class=\"elementor-element elementor-element-5e2eea4 elementor-widget-mobile__width-initial elementor-widget elementor-widget-heading\" data-id=\"5e2eea4\" data-element_type=\"widget\" data-widget_type=\"heading.default\">\n\t\t\t\t<div class=\"elementor-widget-container\">\n\t\t\t\t\t<h2 class=\"elementor-heading-title elementor-size-default\">We Offer<\/h2>\t\t\t\t<\/div>\n\t\t\t\t<\/div>\n\t\t\t\t<div class=\"elementor-element elementor-element-f3260a4 elementor-widget-divider--view-line elementor-widget elementor-widget-divider\" data-id=\"f3260a4\" data-element_type=\"widget\" data-widget_type=\"divider.default\">\n\t\t\t\t<div class=\"elementor-widget-container\">\n\t\t\t\t\t\t\t<div class=\"elementor-divider\">\n\t\t\t<span class=\"elementor-divider-separator\">\n\t\t\t\t\t\t<\/span>\n\t\t<\/div>\n\t\t\t\t\t\t<\/div>\n\t\t\t\t<\/div>\n\t\t\t\t<\/div>\n\t\t\t\t<\/div>\n\t\t<div class=\"elementor-element elementor-element-77d2b53 e-con-full e-flex e-con e-child\" data-id=\"77d2b53\" data-element_type=\"container\">\n\t\t\t\t<div class=\"elementor-element elementor-element-c8ac61b elementor-widget elementor-widget-heading\" data-id=\"c8ac61b\" data-element_type=\"widget\" data-widget_type=\"heading.default\">\n\t\t\t\t<div class=\"elementor-widget-container\">\n\t\t\t\t\t<h2 class=\"elementor-heading-title elementor-size-default\">Fokusirani smo na proizvode vrhunske kvalitete za bebe i djecu<\/h2>\t\t\t\t<\/div>\n\t\t\t\t<\/div>\n\t\t\t\t<\/div>\n\t\t\t\t\t<\/div>\n\t\t\t\t<\/div>\n\t\t\t\t<\/div>\n\t\t<div class=\"elementor-element elementor-element-a36a406 e-con-full e-flex e-con e-parent\" data-id=\"a36a406\" data-element_type=\"container\">\n\t\t\t\t<div class=\"elementor-element elementor-element-a7fe665 elementor-widget elementor-widget-html\" data-id=\"a7fe665\" data-element_type=\"widget\" data-widget_type=\"html.default\">\n\t\t\t\t<div class=\"elementor-widget-container\">\n\t\t\t\t\t<div class=\"willdich-slider-section\">\r\n  <div class=\"willdich-slider-container\">\r\n    \r\n    <!-- Lijeva tekstualna sekcija -->\r\n    <div class=\"willdich-slider-text\">\r\n       <div class=\"willdich-slider-counter-text-header\">\r\n      <div class=\"slide-counter\">01 \/ 06<\/div>\r\n      <div class=\"slide-line\"><\/div>\r\n      <h2 class=\"slide-title\">Baby and children's clothing<\/h2>\r\n      <\/div>\r\n    <\/div>\r\n\r\n    <!-- Desna slikovna sekcija -->\r\n    <div class=\"willdich-slider-image\" style=\"background-image: url('\/wp-content\/uploads\/slika1.jpg');\">\r\n      <!-- Navigacione strelice -->\r\n<button id=\"sliderPrev\" class=\"slider-nav prev\" aria-label=\"Prethodni slajd\">&#8592;<\/button>\r\n<button id=\"sliderNext\" class=\"slider-nav next\" aria-label=\"Sljede\u0107i slajd\">&#8594;<\/button>\r\n\r\n\r\n  <\/div>\r\n<\/div>\r\n\t\t\t\t<\/div>\n\t\t\t\t<\/div>\n\t\t\t\t<\/div>\n\t\t<div class=\"elementor-element elementor-element-c651335 e-con-full e-flex e-con e-parent\" data-id=\"c651335\" data-element_type=\"container\">\n\t\t<div class=\"elementor-element elementor-element-3ca4f61 e-flex e-con-boxed e-con e-child\" data-id=\"3ca4f61\" data-element_type=\"container\">\n\t\t\t\t\t<div class=\"e-con-inner\">\n\t\t<div class=\"elementor-element elementor-element-9f3cc8c e-con-full e-flex e-con e-child\" data-id=\"9f3cc8c\" data-element_type=\"container\">\n\t\t<div class=\"elementor-element elementor-element-c5c9d4c e-con-full e-flex e-con e-child\" data-id=\"c5c9d4c\" data-element_type=\"container\">\n\t\t\t\t<div class=\"elementor-element elementor-element-acc713e elementor-widget elementor-widget-heading\" data-id=\"acc713e\" data-element_type=\"widget\" data-widget_type=\"heading.default\">\n\t\t\t\t<div class=\"elementor-widget-container\">\n\t\t\t\t\t<h2 class=\"elementor-heading-title elementor-size-default\">Photo Gallery<\/h2>\t\t\t\t<\/div>\n\t\t\t\t<\/div>\n\t\t\t\t<div class=\"elementor-element elementor-element-addfab8 elementor-widget-divider--view-line elementor-widget elementor-widget-divider\" data-id=\"addfab8\" data-element_type=\"widget\" data-widget_type=\"divider.default\">\n\t\t\t\t<div class=\"elementor-widget-container\">\n\t\t\t\t\t\t\t<div class=\"elementor-divider\">\n\t\t\t<span class=\"elementor-divider-separator\">\n\t\t\t\t\t\t<\/span>\n\t\t<\/div>\n\t\t\t\t\t\t<\/div>\n\t\t\t\t<\/div>\n\t\t\t\t<\/div>\n\t\t\t\t<\/div>\n\t\t<div class=\"elementor-element elementor-element-d79287a e-con-full e-flex e-con e-child\" data-id=\"d79287a\" data-element_type=\"container\">\n\t\t\t\t<div class=\"elementor-element elementor-element-d545eb5 elementor-widget-mobile__width-initial elementor-widget elementor-widget-heading\" data-id=\"d545eb5\" data-element_type=\"widget\" data-widget_type=\"heading.default\">\n\t\t\t\t<div class=\"elementor-widget-container\">\n\t\t\t\t\t<h2 class=\"elementor-heading-title elementor-size-default\"><a href=\"http:\/\/p\">Get ready for every stage of parenthood \u2013 with our products.<\/a><\/h2>\t\t\t\t<\/div>\n\t\t\t\t<\/div>\n\t\t\t\t<\/div>\n\t\t\t\t\t<\/div>\n\t\t\t\t<\/div>\n\t\t\t\t<\/div>\n\t\t<div class=\"elementor-element elementor-element-2606450 e-con-full e-flex e-con e-parent\" data-id=\"2606450\" data-element_type=\"container\" data-settings=\"{&quot;background_background&quot;:&quot;classic&quot;}\">\n\t\t<div class=\"elementor-element elementor-element-ee1ae5e e-con-full e-flex e-con e-child\" data-id=\"ee1ae5e\" data-element_type=\"container\">\n\t\t\t\t<div class=\"elementor-element elementor-element-f73bd14 elementor-widget-mobile__width-initial elementor-widget-tablet__width-initial elementor-widget elementor-widget-button\" data-id=\"f73bd14\" data-element_type=\"widget\" data-widget_type=\"button.default\">\n\t\t\t\t<div class=\"elementor-widget-container\">\n\t\t\t\t\t\t\t\t\t<div class=\"elementor-button-wrapper\">\n\t\t\t\t\t<a class=\"elementor-button elementor-button-link elementor-size-sm\" href=\"#\">\n\t\t\t\t\t\t<span class=\"elementor-button-content-wrapper\">\n\t\t\t\t\t\t<span class=\"elementor-button-icon\">\n\t\t\t\t<svg aria-hidden=\"true\" class=\"e-font-icon-svg e-fas-arrow-right\" viewbox=\"0 0 448 512\" xmlns=\"http:\/\/www.w3.org\/2000\/svg\"><path d=\"M190.5 66.9l22.2-22.2c9.4-9.4 24.6-9.4 33.9 0L441 239c9.4 9.4 9.4 24.6 0 33.9L246.6 467.3c-9.4 9.4-24.6 9.4-33.9 0l-22.2-22.2c-9.5-9.5-9.3-25 .4-34.3L311.4 296H24c-13.3 0-24-10.7-24-24v-32c0-13.3 10.7-24 24-24h287.4L190.9 101.2c-9.8-9.3-10-24.8-.4-34.3z\"><\/path><\/svg>\t\t\t<\/span>\n\t\t\t\t\t\t\t\t\t<span class=\"elementor-button-text\">Photo Gallery<\/span>\n\t\t\t\t\t<\/span>\n\t\t\t\t\t<\/a>\n\t\t\t\t<\/div>\n\t\t\t\t\t\t\t\t<\/div>\n\t\t\t\t<\/div>\n\t\t\t\t<\/div>\n\t\t\t\t<\/div>\n\t\t<div class=\"elementor-element elementor-element-428dc82 e-con-full e-flex e-con e-parent\" data-id=\"428dc82\" data-element_type=\"container\">\n\t\t<div class=\"elementor-element elementor-element-97977e1 e-con-full e-flex e-con e-child\" data-id=\"97977e1\" data-element_type=\"container\">\n\t\t<div class=\"elementor-element elementor-element-3e07b5d e-con-full e-flex e-con e-child\" data-id=\"3e07b5d\" data-element_type=\"container\">\n\t\t<div class=\"elementor-element elementor-element-d526b6f e-con-full e-flex e-con e-child\" data-id=\"d526b6f\" data-element_type=\"container\">\n\t\t\t\t<div class=\"elementor-element elementor-element-cb9e024 elementor-widget elementor-widget-heading\" data-id=\"cb9e024\" data-element_type=\"widget\" data-widget_type=\"heading.default\">\n\t\t\t\t<div class=\"elementor-widget-container\">\n\t\t\t\t\t<h2 class=\"elementor-heading-title elementor-size-default\">Visit Our Store<\/h2>\t\t\t\t<\/div>\n\t\t\t\t<\/div>\n\t\t\t\t<div class=\"elementor-element elementor-element-9d75d30 elementor-widget-divider--view-line elementor-widget elementor-widget-divider\" data-id=\"9d75d30\" data-element_type=\"widget\" data-widget_type=\"divider.default\">\n\t\t\t\t<div class=\"elementor-widget-container\">\n\t\t\t\t\t\t\t<div class=\"elementor-divider\">\n\t\t\t<span class=\"elementor-divider-separator\">\n\t\t\t\t\t\t<\/span>\n\t\t<\/div>\n\t\t\t\t\t\t<\/div>\n\t\t\t\t<\/div>\n\t\t\t\t<\/div>\n\t\t\t\t<\/div>\n\t\t<div class=\"elementor-element elementor-element-e94cd97 e-con-full e-flex e-con e-child\" data-id=\"e94cd97\" data-element_type=\"container\">\n\t\t\t\t<div class=\"elementor-element elementor-element-d22ff74 elementor-widget-mobile__width-initial elementor-widget elementor-widget-heading\" data-id=\"d22ff74\" data-element_type=\"widget\" data-widget_type=\"heading.default\">\n\t\t\t\t<div class=\"elementor-widget-container\">\n\t\t\t\t\t<h2 class=\"elementor-heading-title elementor-size-default\"><a href=\"http:\/\/p\">Sarajevo - Importanne\u00a0Centar<\/a><\/h2>\t\t\t\t<\/div>\n\t\t\t\t<\/div>\n\t\t\t\t<\/div>\n\t\t\t\t<\/div>\n\t\t\t\t<\/div>\n\t\t<div class=\"elementor-element elementor-element-47c1bfa e-con-full e-flex e-con e-parent\" data-id=\"47c1bfa\" data-element_type=\"container\" data-settings=\"{&quot;background_background&quot;:&quot;classic&quot;}\">\n\t\t<div class=\"elementor-element elementor-element-aff3652 e-con-full e-flex e-con e-child\" data-id=\"aff3652\" data-element_type=\"container\">\n\t\t<div class=\"elementor-element elementor-element-5b1b8d1 e-con-full e-flex e-con e-child\" data-id=\"5b1b8d1\" data-element_type=\"container\">\n\t\t<div class=\"elementor-element elementor-element-c3fab66 e-con-full e-flex e-con e-child\" data-id=\"c3fab66\" data-element_type=\"container\">\n\t\t\t\t<div class=\"elementor-element elementor-element-381ed9f elementor-widget elementor-widget-heading\" data-id=\"381ed9f\" data-element_type=\"widget\" data-widget_type=\"heading.default\">\n\t\t\t\t<div class=\"elementor-widget-container\">\n\t\t\t\t\t<h2 class=\"elementor-heading-title elementor-size-default\">Have questions?<\/h2>\t\t\t\t<\/div>\n\t\t\t\t<\/div>\n\t\t\t\t<div class=\"elementor-element elementor-element-ef4dad6 elementor-widget elementor-widget-heading\" data-id=\"ef4dad6\" data-element_type=\"widget\" data-widget_type=\"heading.default\">\n\t\t\t\t<div class=\"elementor-widget-container\">\n\t\t\t\t\t<h2 class=\"elementor-heading-title elementor-size-default\">We\u2019re here to respond to your needs.<\/h2>\t\t\t\t<\/div>\n\t\t\t\t<\/div>\n\t\t\t\t<div class=\"elementor-element elementor-element-51f8d95 elementor-align-left elementor-widget__width-initial btn-hover-underline elementor-widget elementor-widget-button\" data-id=\"51f8d95\" data-element_type=\"widget\" data-widget_type=\"button.default\">\n\t\t\t\t<div class=\"elementor-widget-container\">\n\t\t\t\t\t\t\t\t\t<div class=\"elementor-button-wrapper\">\n\t\t\t\t\t<a class=\"elementor-button elementor-button-link elementor-size-sm\" href=\"https:\/\/willdich.ba\/en\/kontakt\/\">\n\t\t\t\t\t\t<span class=\"elementor-button-content-wrapper\">\n\t\t\t\t\t\t\t\t\t<span class=\"elementor-button-text\">Contact us<\/span>\n\t\t\t\t\t<\/span>\n\t\t\t\t\t<\/a>\n\t\t\t\t<\/div>\n\t\t\t\t\t\t\t\t<\/div>\n\t\t\t\t<\/div>\n\t\t\t\t<\/div>\n\t\t\t\t<\/div>\n\t\t<div class=\"elementor-element elementor-element-02cc700 e-con-full e-flex e-con e-child\" data-id=\"02cc700\" data-element_type=\"container\">\n\t\t\t\t<\/div>\n\t\t\t\t<\/div>\n\t\t\t\t<\/div>\n\t\t\t\t<\/div>","protected":false},"excerpt":{"rendered":"<p>Od prvih dana do velikih pustolovina Odje\u0107a, obu\u0107a i oprema za bebe,djecu i trudnice -pa\u017eljivo odabrani proizvodi za najva\u017enije trenutke Nudimo Fokusirani smo na proizvode vrhunske kvalitete za bebe i djecu 01 \/ 06 Odje\u0107a za bebe i djecu &#8592; &#8594; Foto galerija Pripremite se za svaku fazu roditeljstva &#8211; uz na\u0161e proizvode Foto galerija [&hellip;]<\/p>","protected":false},"author":2,"featured_media":0,"parent":0,"menu_order":0,"comment_status":"closed","ping_status":"closed","template":"","meta":{"footnotes":""},"class_list":["post-608","page","type-page","status-publish","hentry"],"_links":{"self":[{"href":"https:\/\/willdich.ba\/en\/wp-json\/wp\/v2\/pages\/608","targetHints":{"allow":["GET"]}}],"collection":[{"href":"https:\/\/willdich.ba\/en\/wp-json\/wp\/v2\/pages"}],"about":[{"href":"https:\/\/willdich.ba\/en\/wp-json\/wp\/v2\/types\/page"}],"author":[{"embeddable":true,"href":"https:\/\/willdich.ba\/en\/wp-json\/wp\/v2\/users\/2"}],"replies":[{"embeddable":true,"href":"https:\/\/willdich.ba\/en\/wp-json\/wp\/v2\/comments?post=608"}],"version-history":[{"count":629,"href":"https:\/\/willdich.ba\/en\/wp-json\/wp\/v2\/pages\/608\/revisions"}],"predecessor-version":[{"id":2746,"href":"https:\/\/willdich.ba\/en\/wp-json\/wp\/v2\/pages\/608\/revisions\/2746"}],"wp:attachment":[{"href":"https:\/\/willdich.ba\/en\/wp-json\/wp\/v2\/media?parent=608"}],"curies":[{"name":"wp","href":"https:\/\/api.w.org\/{rel}","templated":true}]}}